{"id":4222,"date":"2023-04-01T13:38:02","date_gmt":"2023-04-01T12:38:02","guid":{"rendered":"https:\/\/villa-maia.wow-digital.com\/les-thermes\/"},"modified":"2023-07-12T09:06:00","modified_gmt":"2023-07-12T08:06:00","slug":"las-termas","status":"publish","type":"page","link":"https:\/\/www.villa-maia.com\/es\/las-termas\/","title":{"rendered":"Las Termas"},"content":{"rendered":"","protected":false},"excerpt":{"rendered":"","protected":false},"author":14,"featured_media":0,"parent":0,"menu_order":4,"comment_status":"closed","ping_status":"closed","template":"templates\/thermes.php","meta":{"_acf_changed":false,"footnotes":""},"class_list":["post-4222","page","type-page","status-publish","hentry"],"acf":[],"yoast_head":"<!-- This site is optimized with the Yoast SEO plugin v26.6 - https:\/\/yoast.com\/wordpress\/plugins\/seo\/ -->\n<title>Villa Ma\u00efa | D\u00e9couvrez l&#039;ensemble des services de l&#039;H\u00f4tel<\/title>\n<meta name=\"description\" content=\"Notre H\u00f4tel est heureux de vous recevoir et de vous faire b\u00e9n\u00e9ficier l&#039;ensemble de ses services pour embellir votre s\u00e9jour. Thermes, bar, restaurant etc...\" \/>\n<meta name=\"robots\" content=\"index, follow, max-snippet:-1, max-image-preview:large, max-video-preview:-1\" \/>\n<link rel=\"canonical\" href=\"https:\/\/www.villa-maia.com\/es\/las-termas\/\" \/>\n<meta property=\"og:locale\" content=\"es_ES\" \/>\n<meta property=\"og:type\" content=\"article\" \/>\n<meta property=\"og:title\" content=\"Villa Ma\u00efa | D\u00e9couvrez l&#039;ensemble des services de l&#039;H\u00f4tel\" \/>\n<meta property=\"og:description\" content=\"Notre H\u00f4tel est heureux de vous recevoir et de vous faire b\u00e9n\u00e9ficier l&#039;ensemble de ses services pour embellir votre s\u00e9jour. Thermes, bar, restaurant etc...\" \/>\n<meta property=\"og:url\" content=\"https:\/\/www.villa-maia.com\/es\/las-termas\/\" \/>\n<meta property=\"og:site_name\" content=\"Villa Ma\u00efa\" \/>\n<meta property=\"article:publisher\" content=\"https:\/\/www.facebook.com\/VillaMaiaLyon\/\" \/>\n<meta property=\"article:modified_time\" content=\"2023-07-12T08:06:00+00:00\" \/>\n<meta property=\"og:image\" content=\"https:\/\/www.villa-maia.com\/wp-content\/uploads\/2020\/06\/villa-maia_facebook_hotel-cover.jpg\" \/>\n\t<meta property=\"og:image:width\" content=\"1200\" \/>\n\t<meta property=\"og:image:height\" content=\"630\" \/>\n\t<meta property=\"og:image:type\" content=\"image\/jpeg\" \/>\n<meta name=\"twitter:card\" content=\"summary_large_image\" \/>\n<meta name=\"twitter:title\" content=\"Villa Ma\u00efa | D\u00e9couvrez l&#039;ensemble des services de l&#039;H\u00f4tel\" \/>\n<meta name=\"twitter:description\" content=\"Notre H\u00f4tel est heureux de vous recevoir et de vous faire b\u00e9n\u00e9ficier l&#039;ensemble de ses services pour embellir votre s\u00e9jour. Thermes, bar, restaurant etc...\" \/>\n<meta name=\"twitter:image\" content=\"https:\/\/www.villa-maia.com\/wp-content\/uploads\/2020\/06\/villa-maia_facebook_hotel-cover.jpg\" \/>\n<script type=\"application\/ld+json\" class=\"yoast-schema-graph\">{\"@context\":\"https:\/\/schema.org\",\"@graph\":[{\"@type\":\"WebPage\",\"@id\":\"https:\/\/www.villa-maia.com\/es\/las-termas\/\",\"url\":\"https:\/\/www.villa-maia.com\/es\/las-termas\/\",\"name\":\"Villa Ma\u00efa | D\u00e9couvrez l'ensemble des services de l'H\u00f4tel\",\"isPartOf\":{\"@id\":\"https:\/\/www.villa-maia.com\/es\/#website\"},\"datePublished\":\"2023-04-01T12:38:02+00:00\",\"dateModified\":\"2023-07-12T08:06:00+00:00\",\"description\":\"Notre H\u00f4tel est heureux de vous recevoir et de vous faire b\u00e9n\u00e9ficier l'ensemble de ses services pour embellir votre s\u00e9jour. Thermes, bar, restaurant etc...\",\"breadcrumb\":{\"@id\":\"https:\/\/www.villa-maia.com\/es\/las-termas\/#breadcrumb\"},\"inLanguage\":\"es\",\"potentialAction\":[{\"@type\":\"ReadAction\",\"target\":[\"https:\/\/www.villa-maia.com\/es\/las-termas\/\"]}]},{\"@type\":\"BreadcrumbList\",\"@id\":\"https:\/\/www.villa-maia.com\/es\/las-termas\/#breadcrumb\",\"itemListElement\":[{\"@type\":\"ListItem\",\"position\":1,\"name\":\"Accueil\",\"item\":\"https:\/\/www.villa-maia.com\/es\/\"},{\"@type\":\"ListItem\",\"position\":2,\"name\":\"Las Termas\"}]},{\"@type\":\"WebSite\",\"@id\":\"https:\/\/www.villa-maia.com\/es\/#website\",\"url\":\"https:\/\/www.villa-maia.com\/es\/\",\"name\":\"Villa Ma\u00efa\",\"description\":\"\",\"publisher\":{\"@id\":\"https:\/\/www.villa-maia.com\/es\/#organization\"},\"potentialAction\":[{\"@type\":\"SearchAction\",\"target\":{\"@type\":\"EntryPoint\",\"urlTemplate\":\"https:\/\/www.villa-maia.com\/es\/?s={search_term_string}\"},\"query-input\":{\"@type\":\"PropertyValueSpecification\",\"valueRequired\":true,\"valueName\":\"search_term_string\"}}],\"inLanguage\":\"es\"},{\"@type\":\"Organization\",\"@id\":\"https:\/\/www.villa-maia.com\/es\/#organization\",\"name\":\"Villa Ma\u00efa\",\"url\":\"https:\/\/www.villa-maia.com\/es\/\",\"logo\":{\"@type\":\"ImageObject\",\"inLanguage\":\"es\",\"@id\":\"https:\/\/www.villa-maia.com\/es\/#\/schema\/logo\/image\/\",\"url\":\"https:\/\/www.villa-maia.com\/wp-content\/uploads\/2020\/06\/villa-maia_event_tarifs-flexibles.jpg\",\"contentUrl\":\"https:\/\/www.villa-maia.com\/wp-content\/uploads\/2020\/06\/villa-maia_event_tarifs-flexibles.jpg\",\"width\":1200,\"height\":500,\"caption\":\"Villa Ma\u00efa\"},\"image\":{\"@id\":\"https:\/\/www.villa-maia.com\/es\/#\/schema\/logo\/image\/\"},\"sameAs\":[\"https:\/\/www.facebook.com\/VillaMaiaLyon\/\",\"https:\/\/www.instagram.com\/villa_maia_lyon\/\",\"https:\/\/fr.linkedin.com\/company\/villa-ma\u00efa\"]}]}<\/script>\n<!-- \/ Yoast SEO plugin. -->","yoast_head_json":{"title":"Villa Ma\u00efa | D\u00e9couvrez l'ensemble des services de l'H\u00f4tel","description":"Notre H\u00f4tel est heureux de vous recevoir et de vous faire b\u00e9n\u00e9ficier l'ensemble de ses services pour embellir votre s\u00e9jour. Thermes, bar, restaurant etc...","robots":{"index":"index","follow":"follow","max-snippet":"max-snippet:-1","max-image-preview":"max-image-preview:large","max-video-preview":"max-video-preview:-1"},"canonical":"https:\/\/www.villa-maia.com\/es\/las-termas\/","og_locale":"es_ES","og_type":"article","og_title":"Villa Ma\u00efa | D\u00e9couvrez l'ensemble des services de l'H\u00f4tel","og_description":"Notre H\u00f4tel est heureux de vous recevoir et de vous faire b\u00e9n\u00e9ficier l'ensemble de ses services pour embellir votre s\u00e9jour. Thermes, bar, restaurant etc...","og_url":"https:\/\/www.villa-maia.com\/es\/las-termas\/","og_site_name":"Villa Ma\u00efa","article_publisher":"https:\/\/www.facebook.com\/VillaMaiaLyon\/","article_modified_time":"2023-07-12T08:06:00+00:00","og_image":[{"width":1200,"height":630,"url":"https:\/\/www.villa-maia.com\/wp-content\/uploads\/2020\/06\/villa-maia_facebook_hotel-cover.jpg","type":"image\/jpeg"}],"twitter_card":"summary_large_image","twitter_title":"Villa Ma\u00efa | D\u00e9couvrez l'ensemble des services de l'H\u00f4tel","twitter_description":"Notre H\u00f4tel est heureux de vous recevoir et de vous faire b\u00e9n\u00e9ficier l'ensemble de ses services pour embellir votre s\u00e9jour. Thermes, bar, restaurant etc...","twitter_image":"https:\/\/www.villa-maia.com\/wp-content\/uploads\/2020\/06\/villa-maia_facebook_hotel-cover.jpg","schema":{"@context":"https:\/\/schema.org","@graph":[{"@type":"WebPage","@id":"https:\/\/www.villa-maia.com\/es\/las-termas\/","url":"https:\/\/www.villa-maia.com\/es\/las-termas\/","name":"Villa Ma\u00efa | D\u00e9couvrez l'ensemble des services de l'H\u00f4tel","isPartOf":{"@id":"https:\/\/www.villa-maia.com\/es\/#website"},"datePublished":"2023-04-01T12:38:02+00:00","dateModified":"2023-07-12T08:06:00+00:00","description":"Notre H\u00f4tel est heureux de vous recevoir et de vous faire b\u00e9n\u00e9ficier l'ensemble de ses services pour embellir votre s\u00e9jour. Thermes, bar, restaurant etc...","breadcrumb":{"@id":"https:\/\/www.villa-maia.com\/es\/las-termas\/#breadcrumb"},"inLanguage":"es","potentialAction":[{"@type":"ReadAction","target":["https:\/\/www.villa-maia.com\/es\/las-termas\/"]}]},{"@type":"BreadcrumbList","@id":"https:\/\/www.villa-maia.com\/es\/las-termas\/#breadcrumb","itemListElement":[{"@type":"ListItem","position":1,"name":"Accueil","item":"https:\/\/www.villa-maia.com\/es\/"},{"@type":"ListItem","position":2,"name":"Las Termas"}]},{"@type":"WebSite","@id":"https:\/\/www.villa-maia.com\/es\/#website","url":"https:\/\/www.villa-maia.com\/es\/","name":"Villa Ma\u00efa","description":"","publisher":{"@id":"https:\/\/www.villa-maia.com\/es\/#organization"},"potentialAction":[{"@type":"SearchAction","target":{"@type":"EntryPoint","urlTemplate":"https:\/\/www.villa-maia.com\/es\/?s={search_term_string}"},"query-input":{"@type":"PropertyValueSpecification","valueRequired":true,"valueName":"search_term_string"}}],"inLanguage":"es"},{"@type":"Organization","@id":"https:\/\/www.villa-maia.com\/es\/#organization","name":"Villa Ma\u00efa","url":"https:\/\/www.villa-maia.com\/es\/","logo":{"@type":"ImageObject","inLanguage":"es","@id":"https:\/\/www.villa-maia.com\/es\/#\/schema\/logo\/image\/","url":"https:\/\/www.villa-maia.com\/wp-content\/uploads\/2020\/06\/villa-maia_event_tarifs-flexibles.jpg","contentUrl":"https:\/\/www.villa-maia.com\/wp-content\/uploads\/2020\/06\/villa-maia_event_tarifs-flexibles.jpg","width":1200,"height":500,"caption":"Villa Ma\u00efa"},"image":{"@id":"https:\/\/www.villa-maia.com\/es\/#\/schema\/logo\/image\/"},"sameAs":["https:\/\/www.facebook.com\/VillaMaiaLyon\/","https:\/\/www.instagram.com\/villa_maia_lyon\/","https:\/\/fr.linkedin.com\/company\/villa-ma\u00efa"]}]}},"_links":{"self":[{"href":"https:\/\/www.villa-maia.com\/es\/wp-json\/wp\/v2\/pages\/4222","targetHints":{"allow":["GET"]}}],"collection":[{"href":"https:\/\/www.villa-maia.com\/es\/wp-json\/wp\/v2\/pages"}],"about":[{"href":"https:\/\/www.villa-maia.com\/es\/wp-json\/wp\/v2\/types\/page"}],"author":[{"embeddable":true,"href":"https:\/\/www.villa-maia.com\/es\/wp-json\/wp\/v2\/users\/14"}],"replies":[{"embeddable":true,"href":"https:\/\/www.villa-maia.com\/es\/wp-json\/wp\/v2\/comments?post=4222"}],"version-history":[{"count":2,"href":"https:\/\/www.villa-maia.com\/es\/wp-json\/wp\/v2\/pages\/4222\/revisions"}],"predecessor-version":[{"id":4523,"href":"https:\/\/www.villa-maia.com\/es\/wp-json\/wp\/v2\/pages\/4222\/revisions\/4523"}],"wp:attachment":[{"href":"https:\/\/www.villa-maia.com\/es\/wp-json\/wp\/v2\/media?parent=4222"}],"curies":[{"name":"wp","href":"https:\/\/api.w.org\/{rel}","templated":true}]}}