{"id":1214,"date":"2020-08-10T09:55:18","date_gmt":"2020-08-10T09:55:18","guid":{"rendered":"https:\/\/www.villa-maia.com\/?page_id=1214"},"modified":"2025-05-15T09:40:17","modified_gmt":"2025-05-15T07:40:17","slug":"aviso-legal","status":"publish","type":"page","link":"https:\/\/www.villa-maia.com\/es\/aviso-legal\/","title":{"rendered":"Aviso legal"},"content":{"rendered":"\n<div class=\"wp-block-columns is-layout-flex wp-container-core-columns-is-layout-9d6595d7 wp-block-columns-is-layout-flex\">\n<div class=\"wp-block-column is-layout-flow wp-block-column-is-layout-flow\">\n<h2 class=\"wp-block-heading\">Editor<\/h2>\n\n\n\n<p>El presente sitio es propiedad de MA\u00cfA Hospitality S.A. con capital de 100 000 000 euros<br>RCS Lyon 521 916 098<br>Director de publicaci\u00f3n: S\u00e9verine MAISONNEUVE<br>MA\u00cfA Hospitality es una filial de MA\u00ceA Groupe.<\/p>\n\n\n\n<h2 class=\"wp-block-heading\">Domicilio social<\/h2>\n\n\n\n<p>1, rue de l\u2019Antiquaille \u2013 CS 10052 \u2013 69321 LYON Cedex 05<br>Francia T\u00e9l\u00e9phone : +33 (0)4 78 16 01 01<\/p>\n\n\n\n<h2 class=\"wp-block-heading\">Creaci\u00f3n<\/h2>\n\n\n\n<p><a href=\"http:\/\/www.agence-labonneetoile.fr\/\" target=\"_blank\" rel=\"noreferrer noopener\">La Bonne Etoile<\/a><br><a href=\"https:\/\/www.wow-digital.com\/\" target=\"_blank\" rel=\"noreferrer noopener\">WOW Digital<\/a><br><a href=\"http:\/\/mykado.co\" target=\"_blank\" rel=\"noreferrer noopener\">Mykado<\/a><\/p>\n\n\n\n<h2 class=\"wp-block-heading\">Desarrollo y realizaci\u00f3n<\/h2>\n\n\n\n<p><a href=\"https:\/\/www.wow-digital.com\/\" target=\"_blank\" rel=\"noreferrer noopener\">WOW Digital<\/a><\/p>\n\n\n\n<h2 class=\"wp-block-heading\">Cr\u00e9dito fotogr\u00e1fico<\/h2>\n\n\n\n<p>Studio Erick SAILLET (hors pages \u00abRestaurant\u00bb et \u00abBar\u00bb) Pages \u00abRestaurant\u00bb : V\u00e9ronique VEDRENNE Pages \u00abBar\u00bb : Camille MOIRENC.<\/p>\n\n\n\n<h2 class=\"wp-block-heading\">Alojamiento web<\/h2>\n\n\n\n<p>OVH RCS Roubaix \u2013 Tourcoing 424 761 419 00045 Si\u00e8ge social : 2 rue Kellermann \u2013 59100 Roubaix \u2013 France.<\/p>\n\n\n\n<h2 class=\"wp-block-heading\">Derecho<\/h2>\n\n\n\n<p>Las marcas que se citan en el sitio web son propiedad de sus respectivos due\u00f1os. Las ilustraciones y fotograf\u00edas son propiedad de MAIA Hospitality o de terceros que han autorizado su utilizaci\u00f3n.<\/p>\n\n\n\n<h2 class=\"wp-block-heading\">Documentos<\/h2>\n\n\n\n<p>Para visualizar los documentos en formato PDF, es posible descargar gratis Acrobat Reader haciendo clic aqu\u00ed.<\/p>\n\n\n\n<h2 class=\"wp-block-heading\">Textos e im\u00e1genes<\/h2>\n\n\n\n<p>Aunque Villa Ma\u00efa utiliza todos los medios a su disposici\u00f3n para garantizar una informaci\u00f3n fiable en sus sitios web, es posible que se produzcan errores u omisiones. Por consiguiente, el usuario deber\u00e1 comprobar la exactitud de la informaci\u00f3n con la recepci\u00f3n del hotel y comunicar cualquier modificaci\u00f3n del sitio que considere \u00fatil. Villa Ma\u00efa no ser\u00e1 responsable en ning\u00fan caso de la utilizaci\u00f3n de dicha informaci\u00f3n ni de ning\u00fan perjuicio directo o indirecto que pueda derivarse de ella. Aunque Villa Ma\u00efa intenta proporcionar en su sitio la informaci\u00f3n m\u00e1s precisa posible, la informaci\u00f3n y los datos publicados en su sitio web no son exhaustivos. El conjunto de textos y fotos no son vinculantes. La informaci\u00f3n editada se proporciona bajo reserva de modificaciones por una actualizaci\u00f3n en curso. Dicha informaci\u00f3n es meramente indicativa y puede cambiar o evolucionar sin aviso previo.<\/p>\n\n\n\n<h2 class=\"wp-block-heading\">Hiperv\u00ednculos<\/h2>\n\n\n\n<p>El sitio web puede proponer enlaces a otros sitios web o a otros recursos disponibles en Internet. Villa Ma\u00efa no dispone de ning\u00fan medio para controlar los sitios en conexi\u00f3n con su sitio web. Villa Ma\u00efa no se hace responsable de la disponibilidad de dichos sitios y fuentes externas ni la garantiza. Asimismo, no puede ser considerada responsable de cualquier da\u00f1o, sea cual sea su naturaleza, que resulte del contenido de dichos sitios o fuentes externas y, en particular, de la informaci\u00f3n, productos o servicios que proponen, o de cualquier uso que puede hacerse de estos elementos. Los riesgos vinculados a dicha utilizaci\u00f3n incumben plenamente al usuario que debe cumplir con sus condiciones de uso.<\/p>\n<\/div>\n\n\n\n<div class=\"wp-block-column is-layout-flow wp-block-column-is-layout-flow\">\n<h2 class=\"wp-block-heading\">Hora de llegade\/ Salida<\/h2>\n\n\n\n<p>Las habitaciones est\u00e1n disponibles a partir de las 15:00 y deber\u00e1n liberarse el d\u00eda de salida antes de las 12:00. Le agradecer\u00edamos mucho nos informe de la hora aproximada de llegada al hotel. En caso de llegar por la ma\u00f1ana, le recomendamos efectuar su reserva la noche anterior.<\/p>\n\n\n\n<h2 class=\"wp-block-heading\">Tarifas<\/h2>\n\n\n\n<p>Las tarifas indicadas por habitaci\u00f3n son en euro e incluyen el IVA.<\/p>\n\n\n\n<h2 class=\"wp-block-heading\">Tasa de estancia<\/h2>\n\n\n\n<p>2,47 \u20ac por persona, por noche, pago adicional. Los menores de 18 a\u00f1os est\u00e1n exentos de dicho pago.<\/p>\n\n\n\n<h2 class=\"wp-block-heading\">Reserva &#8211; Pago<\/h2>\n\n\n\n<p>Se le solicitar\u00e1 rellenar una autorizaci\u00f3n de d\u00e9bito con su n\u00famero de tarjeta de cr\u00e9dito durante la reserva a fin de garantizar su estancia. Una autorizaci\u00f3n previa puede efectuarse en su tarjeta de cr\u00e9dito. illa Ma\u00efa se reserva el derecho de comprobar la solvencia de la tarjeta de cr\u00e9dito antes de la estancia. Villa Ma\u00efa no acepta cheques.<\/p>\n\n\n\n<h2 class=\"wp-block-heading\">No show \/ no presentaci\u00f3n<\/h2>\n\n\n\n<p>Esta situaci\u00f3n conllevar\u00e1 la cancelaci\u00f3n de la estancia reservada, la facturaci\u00f3n de la primera noche, as\u00ed como la puesta en venta autom\u00e1tica de la habitaci\u00f3n.<\/p>\n\n\n\n<h2 class=\"wp-block-heading\">Deterioros \/ Da\u00f1os<\/h2>\n\n\n\n<p>En el marco del contrato de alojamiento que vincula Villa Ma\u00efa y su clientela, cada cliente es responsable, desde su llegada, de la habitaci\u00f3n puesta a su disposici\u00f3n, as\u00ed como del mobiliario. En caso de da\u00f1os o deterioros durante la estancia, Villa Ma\u00efa se reserva el derecho de facturar, eventualmente, sobre la base de una estimaci\u00f3n, el importe necesario para los trabajos de reparaci\u00f3n, as\u00ed como cualquier gasto derivado de ellos (p\u00e9rdidas de utilizaci\u00f3n debidas a la inmovilizaci\u00f3n de la habitaci\u00f3n, etc.)<\/p>\n\n\n\n<h2 class=\"wp-block-heading\">Animales<\/h2>\n\n\n\n<p>Los animales est\u00e1n autorizados en Villa Ma\u00efa siempre que se tomen en cuenta ciertas precauciones. Se facturar\u00e1 una tarifa de 30,00 \u20ac por d\u00eda. C\u00f3digo de conducta Dentro del recinto del establecimiento, los animales deber\u00e1n llevar correa. Queda prohibido dejar los animales solos en la habitaci\u00f3n o sin vigilancia. Asimismo, es necesario cerciorarse de que no ocasionen da\u00f1os en la habitaci\u00f3n, ni su mobiliario y respeten la tranquilidad del hotel y de su clientela en todo momento. Por motivos de higiene, no se permite el acceso de animales a la piscina ni a proximidad de los establecimientos de comida.<\/p>\n\n\n\n<h2 class=\"wp-block-heading\">Garaje<\/h2>\n\n\n\n<p>Villa Ma\u00efa dispone de un garaje subterr\u00e1neo para sus clientes. Se facturar\u00e1 una tarifa de 35,00 \u20ac por d\u00eda por veh\u00edculo. Este servicio puede proponerse a la clientela del bar, del desayuno y de los eventos.<\/p>\n\n\n\n<h2 class=\"wp-block-heading\">La termas<\/h2>\n\n\n\n<p>Los clientes residentes en Villa Ma\u00efa tienen acceso a la piscina, jacuzzi, gimnasio, sauna y hammam de 07:00 a 22:00. Existen vestuarios a disposici\u00f3n.<\/p>\n\n\n\n<h2 class=\"wp-block-heading\">Comida<\/h2>\n\n\n\n<p>El desayuno est\u00e1 incluido en la tarifa de la habitaci\u00f3n y se sirve en nuestra sala de desayuno de 07:00 a 11:00. El desayuno puede servirse en la habitaci\u00f3n. El servicio de habitaciones est\u00e1 disponible las 24 horas del d\u00eda, los 7 d\u00edas de la semana. En Villa Ma\u00efa, no se autoriza la entrada de alimentos y bebidas procedentes del exterior por motivos de seguridad e higiene.<\/p>\n\n\n\n<h2 class=\"wp-block-heading\">Wifi<\/h2>\n\n\n\n<p>Una conexi\u00f3n wifi gratuita est\u00e1 disponible para todos nuestros clientes.<\/p>\n<\/div>\n<\/div>\n","protected":false},"excerpt":{"rendered":"<p>Editor El presente sitio es propiedad de MA\u00cfA Hospitality S.A. [&hellip;]<\/p>\n","protected":false},"author":9,"featured_media":0,"parent":0,"menu_order":0,"comment_status":"closed","ping_status":"closed","template":"templates\/mentions.php","meta":{"_acf_changed":false,"footnotes":""},"class_list":["post-1214","page","type-page","status-publish","hentry"],"acf":[],"yoast_head":"<!-- This site is optimized with the Yoast SEO plugin v26.6 - https:\/\/yoast.com\/wordpress\/plugins\/seo\/ -->\n<title>Villa Ma\u00efa | Aviso legal<\/title>\n<meta name=\"description\" content=\"Encuentre todos los avisos legales y condiciones de confidencialidad que Villa Ma\u00efa se compromete a respetar, en relaci\u00f3n con la normativa GDPR.\" \/>\n<meta name=\"robots\" content=\"noindex, follow\" \/>\n<meta property=\"og:locale\" content=\"es_ES\" \/>\n<meta property=\"og:type\" content=\"article\" \/>\n<meta property=\"og:title\" content=\"Villa Ma\u00efa | Aviso legal\" \/>\n<meta property=\"og:description\" content=\"Encuentre todos los avisos legales y condiciones de confidencialidad que Villa Ma\u00efa se compromete a respetar, en relaci\u00f3n con la normativa GDPR.\" \/>\n<meta property=\"og:url\" content=\"https:\/\/www.villa-maia.com\/es\/aviso-legal\/\" \/>\n<meta property=\"og:site_name\" content=\"Villa Ma\u00efa\" \/>\n<meta property=\"article:publisher\" content=\"https:\/\/www.facebook.com\/VillaMaiaLyon\/\" \/>\n<meta property=\"article:modified_time\" content=\"2025-05-15T07:40:17+00:00\" \/>\n<meta property=\"og:image\" content=\"https:\/\/www.villa-maia.com\/wp-content\/uploads\/2020\/06\/villa-maia_facebook_homepage-cover.jpg\" \/>\n\t<meta property=\"og:image:width\" content=\"1200\" \/>\n\t<meta property=\"og:image:height\" content=\"630\" \/>\n\t<meta property=\"og:image:type\" content=\"image\/jpeg\" \/>\n<meta name=\"twitter:card\" content=\"summary_large_image\" \/>\n<meta name=\"twitter:title\" content=\"Villa Ma\u00efa | Aviso legal\" \/>\n<meta name=\"twitter:description\" content=\"Encuentre todos los avisos legales y condiciones de confidencialidad que Villa Ma\u00efa se compromete a respetar, en relaci\u00f3n con la normativa GDPR.\" \/>\n<meta name=\"twitter:image\" content=\"https:\/\/www.villa-maia.com\/wp-content\/uploads\/2020\/06\/villa-maia_facebook_homepage-cover.jpg\" \/>\n<meta name=\"twitter:label1\" content=\"Tiempo de lectura\" \/>\n\t<meta name=\"twitter:data1\" content=\"5 minutos\" \/>\n<script type=\"application\/ld+json\" class=\"yoast-schema-graph\">{\"@context\":\"https:\/\/schema.org\",\"@graph\":[{\"@type\":\"WebPage\",\"@id\":\"https:\/\/www.villa-maia.com\/es\/aviso-legal\/\",\"url\":\"https:\/\/www.villa-maia.com\/es\/aviso-legal\/\",\"name\":\"Villa Ma\u00efa | Aviso legal\",\"isPartOf\":{\"@id\":\"https:\/\/www.villa-maia.com\/es\/#website\"},\"datePublished\":\"2020-08-10T09:55:18+00:00\",\"dateModified\":\"2025-05-15T07:40:17+00:00\",\"description\":\"Encuentre todos los avisos legales y condiciones de confidencialidad que Villa Ma\u00efa se compromete a respetar, en relaci\u00f3n con la normativa GDPR.\",\"breadcrumb\":{\"@id\":\"https:\/\/www.villa-maia.com\/es\/aviso-legal\/#breadcrumb\"},\"inLanguage\":\"es\",\"potentialAction\":[{\"@type\":\"ReadAction\",\"target\":[\"https:\/\/www.villa-maia.com\/es\/aviso-legal\/\"]}]},{\"@type\":\"BreadcrumbList\",\"@id\":\"https:\/\/www.villa-maia.com\/es\/aviso-legal\/#breadcrumb\",\"itemListElement\":[{\"@type\":\"ListItem\",\"position\":1,\"name\":\"Accueil\",\"item\":\"https:\/\/www.villa-maia.com\/es\/\"},{\"@type\":\"ListItem\",\"position\":2,\"name\":\"Aviso legal\"}]},{\"@type\":\"WebSite\",\"@id\":\"https:\/\/www.villa-maia.com\/es\/#website\",\"url\":\"https:\/\/www.villa-maia.com\/es\/\",\"name\":\"Villa Ma\u00efa\",\"description\":\"\",\"publisher\":{\"@id\":\"https:\/\/www.villa-maia.com\/es\/#organization\"},\"potentialAction\":[{\"@type\":\"SearchAction\",\"target\":{\"@type\":\"EntryPoint\",\"urlTemplate\":\"https:\/\/www.villa-maia.com\/es\/?s={search_term_string}\"},\"query-input\":{\"@type\":\"PropertyValueSpecification\",\"valueRequired\":true,\"valueName\":\"search_term_string\"}}],\"inLanguage\":\"es\"},{\"@type\":\"Organization\",\"@id\":\"https:\/\/www.villa-maia.com\/es\/#organization\",\"name\":\"Villa Ma\u00efa\",\"url\":\"https:\/\/www.villa-maia.com\/es\/\",\"logo\":{\"@type\":\"ImageObject\",\"inLanguage\":\"es\",\"@id\":\"https:\/\/www.villa-maia.com\/es\/#\/schema\/logo\/image\/\",\"url\":\"https:\/\/www.villa-maia.com\/wp-content\/uploads\/2020\/06\/villa-maia_event_tarifs-flexibles.jpg\",\"contentUrl\":\"https:\/\/www.villa-maia.com\/wp-content\/uploads\/2020\/06\/villa-maia_event_tarifs-flexibles.jpg\",\"width\":1200,\"height\":500,\"caption\":\"Villa Ma\u00efa\"},\"image\":{\"@id\":\"https:\/\/www.villa-maia.com\/es\/#\/schema\/logo\/image\/\"},\"sameAs\":[\"https:\/\/www.facebook.com\/VillaMaiaLyon\/\",\"https:\/\/www.instagram.com\/villa_maia_lyon\/\",\"https:\/\/fr.linkedin.com\/company\/villa-ma\u00efa\"]}]}<\/script>\n<!-- \/ Yoast SEO plugin. -->","yoast_head_json":{"title":"Villa Ma\u00efa | Aviso legal","description":"Encuentre todos los avisos legales y condiciones de confidencialidad que Villa Ma\u00efa se compromete a respetar, en relaci\u00f3n con la normativa GDPR.","robots":{"index":"noindex","follow":"follow"},"og_locale":"es_ES","og_type":"article","og_title":"Villa Ma\u00efa | Aviso legal","og_description":"Encuentre todos los avisos legales y condiciones de confidencialidad que Villa Ma\u00efa se compromete a respetar, en relaci\u00f3n con la normativa GDPR.","og_url":"https:\/\/www.villa-maia.com\/es\/aviso-legal\/","og_site_name":"Villa Ma\u00efa","article_publisher":"https:\/\/www.facebook.com\/VillaMaiaLyon\/","article_modified_time":"2025-05-15T07:40:17+00:00","og_image":[{"width":1200,"height":630,"url":"https:\/\/www.villa-maia.com\/wp-content\/uploads\/2020\/06\/villa-maia_facebook_homepage-cover.jpg","type":"image\/jpeg"}],"twitter_card":"summary_large_image","twitter_title":"Villa Ma\u00efa | Aviso legal","twitter_description":"Encuentre todos los avisos legales y condiciones de confidencialidad que Villa Ma\u00efa se compromete a respetar, en relaci\u00f3n con la normativa GDPR.","twitter_image":"https:\/\/www.villa-maia.com\/wp-content\/uploads\/2020\/06\/villa-maia_facebook_homepage-cover.jpg","twitter_misc":{"Tiempo de lectura":"5 minutos"},"schema":{"@context":"https:\/\/schema.org","@graph":[{"@type":"WebPage","@id":"https:\/\/www.villa-maia.com\/es\/aviso-legal\/","url":"https:\/\/www.villa-maia.com\/es\/aviso-legal\/","name":"Villa Ma\u00efa | Aviso legal","isPartOf":{"@id":"https:\/\/www.villa-maia.com\/es\/#website"},"datePublished":"2020-08-10T09:55:18+00:00","dateModified":"2025-05-15T07:40:17+00:00","description":"Encuentre todos los avisos legales y condiciones de confidencialidad que Villa Ma\u00efa se compromete a respetar, en relaci\u00f3n con la normativa GDPR.","breadcrumb":{"@id":"https:\/\/www.villa-maia.com\/es\/aviso-legal\/#breadcrumb"},"inLanguage":"es","potentialAction":[{"@type":"ReadAction","target":["https:\/\/www.villa-maia.com\/es\/aviso-legal\/"]}]},{"@type":"BreadcrumbList","@id":"https:\/\/www.villa-maia.com\/es\/aviso-legal\/#breadcrumb","itemListElement":[{"@type":"ListItem","position":1,"name":"Accueil","item":"https:\/\/www.villa-maia.com\/es\/"},{"@type":"ListItem","position":2,"name":"Aviso legal"}]},{"@type":"WebSite","@id":"https:\/\/www.villa-maia.com\/es\/#website","url":"https:\/\/www.villa-maia.com\/es\/","name":"Villa Ma\u00efa","description":"","publisher":{"@id":"https:\/\/www.villa-maia.com\/es\/#organization"},"potentialAction":[{"@type":"SearchAction","target":{"@type":"EntryPoint","urlTemplate":"https:\/\/www.villa-maia.com\/es\/?s={search_term_string}"},"query-input":{"@type":"PropertyValueSpecification","valueRequired":true,"valueName":"search_term_string"}}],"inLanguage":"es"},{"@type":"Organization","@id":"https:\/\/www.villa-maia.com\/es\/#organization","name":"Villa Ma\u00efa","url":"https:\/\/www.villa-maia.com\/es\/","logo":{"@type":"ImageObject","inLanguage":"es","@id":"https:\/\/www.villa-maia.com\/es\/#\/schema\/logo\/image\/","url":"https:\/\/www.villa-maia.com\/wp-content\/uploads\/2020\/06\/villa-maia_event_tarifs-flexibles.jpg","contentUrl":"https:\/\/www.villa-maia.com\/wp-content\/uploads\/2020\/06\/villa-maia_event_tarifs-flexibles.jpg","width":1200,"height":500,"caption":"Villa Ma\u00efa"},"image":{"@id":"https:\/\/www.villa-maia.com\/es\/#\/schema\/logo\/image\/"},"sameAs":["https:\/\/www.facebook.com\/VillaMaiaLyon\/","https:\/\/www.instagram.com\/villa_maia_lyon\/","https:\/\/fr.linkedin.com\/company\/villa-ma\u00efa"]}]}},"_links":{"self":[{"href":"https:\/\/www.villa-maia.com\/es\/wp-json\/wp\/v2\/pages\/1214","targetHints":{"allow":["GET"]}}],"collection":[{"href":"https:\/\/www.villa-maia.com\/es\/wp-json\/wp\/v2\/pages"}],"about":[{"href":"https:\/\/www.villa-maia.com\/es\/wp-json\/wp\/v2\/types\/page"}],"author":[{"embeddable":true,"href":"https:\/\/www.villa-maia.com\/es\/wp-json\/wp\/v2\/users\/9"}],"replies":[{"embeddable":true,"href":"https:\/\/www.villa-maia.com\/es\/wp-json\/wp\/v2\/comments?post=1214"}],"version-history":[{"count":9,"href":"https:\/\/www.villa-maia.com\/es\/wp-json\/wp\/v2\/pages\/1214\/revisions"}],"predecessor-version":[{"id":5664,"href":"https:\/\/www.villa-maia.com\/es\/wp-json\/wp\/v2\/pages\/1214\/revisions\/5664"}],"wp:attachment":[{"href":"https:\/\/www.villa-maia.com\/es\/wp-json\/wp\/v2\/media?parent=1214"}],"curies":[{"name":"wp","href":"https:\/\/api.w.org\/{rel}","templated":true}]}}