{"id":1198,"date":"2020-08-10T09:38:25","date_gmt":"2020-08-10T09:38:25","guid":{"rendered":"https:\/\/www.villa-maia.com\/?page_id=1198"},"modified":"2024-08-21T14:17:25","modified_gmt":"2024-08-21T13:17:25","slug":"historia-hotel-villa-maia","status":"publish","type":"page","link":"https:\/\/www.villa-maia.com\/es\/historia-hotel-villa-maia\/","title":{"rendered":"Hotel"},"content":{"rendered":"","protected":false},"excerpt":{"rendered":"","protected":false},"author":9,"featured_media":0,"parent":0,"menu_order":1,"comment_status":"closed","ping_status":"closed","template":"templates\/hotel.php","meta":{"_acf_changed":false,"footnotes":""},"class_list":["post-1198","page","type-page","status-publish","hentry"],"acf":[],"yoast_head":"<!-- This site is optimized with the Yoast SEO plugin v26.6 - https:\/\/yoast.com\/wordpress\/plugins\/seo\/ -->\n<title>Villa Ma\u00efa | Historia de Villa Ma\u00efa, Hotel 5 estrellas de lujo en Lyon<\/title>\n<meta name=\"description\" content=\"La historia de Villa Ma\u00efa, nuestro hotel de lujo de 5 estrellas en Lyon, pretende ser una casa con delicadas atenciones que comparta los valores de la familia Gruy.\" \/>\n<meta name=\"robots\" content=\"index, follow, max-snippet:-1, max-image-preview:large, max-video-preview:-1\" \/>\n<link rel=\"canonical\" href=\"https:\/\/www.villa-maia.com\/es\/historia-hotel-villa-maia\/\" \/>\n<meta property=\"og:locale\" content=\"es_ES\" \/>\n<meta property=\"og:type\" content=\"article\" \/>\n<meta property=\"og:title\" content=\"Historia de Villa Ma\u00efa, Hotel 5 estrellas de lujo en Lyon\" \/>\n<meta property=\"og:description\" content=\"La historia de Villa Ma\u00efa, nuestro hotel de lujo de 5 estrellas en Lyon, pretende ser una casa con delicadas atenciones que comparta los valores de la familia Gruy.\" \/>\n<meta property=\"og:url\" content=\"https:\/\/www.villa-maia.com\/es\/historia-hotel-villa-maia\/\" \/>\n<meta property=\"og:site_name\" content=\"Villa Ma\u00efa\" \/>\n<meta property=\"article:publisher\" content=\"https:\/\/www.facebook.com\/VillaMaiaLyon\/\" \/>\n<meta property=\"article:modified_time\" content=\"2024-08-21T13:17:25+00:00\" \/>\n<meta property=\"og:image\" content=\"https:\/\/www.villa-maia.com\/wp-content\/uploads\/2020\/06\/villa-maia_facebook_hotel-cover.jpg\" \/>\n\t<meta property=\"og:image:width\" content=\"1200\" \/>\n\t<meta property=\"og:image:height\" content=\"630\" \/>\n\t<meta property=\"og:image:type\" content=\"image\/jpeg\" \/>\n<meta name=\"twitter:card\" content=\"summary_large_image\" \/>\n<meta name=\"twitter:title\" content=\"Historia de Villa Ma\u00efa, Hotel 5 estrellas de lujo en Lyon\" \/>\n<meta name=\"twitter:description\" content=\"La historia de Villa Ma\u00efa, nuestro hotel de lujo de 5 estrellas en Lyon, pretende ser una casa con delicadas atenciones que comparta los valores de la familia Gruy.\" \/>\n<meta name=\"twitter:image\" content=\"https:\/\/www.villa-maia.com\/wp-content\/uploads\/2020\/06\/villa-maia_facebook_hotel-cover.jpg\" \/>\n<meta name=\"twitter:label1\" content=\"Tiempo de lectura\" \/>\n\t<meta name=\"twitter:data1\" content=\"5 minutos\" \/>\n<script type=\"application\/ld+json\" class=\"yoast-schema-graph\">{\"@context\":\"https:\/\/schema.org\",\"@graph\":[{\"@type\":\"WebPage\",\"@id\":\"https:\/\/www.villa-maia.com\/es\/historia-hotel-villa-maia\/\",\"url\":\"https:\/\/www.villa-maia.com\/es\/historia-hotel-villa-maia\/\",\"name\":\"Villa Ma\u00efa | Historia de Villa Ma\u00efa, Hotel 5 estrellas de lujo en Lyon\",\"isPartOf\":{\"@id\":\"https:\/\/www.villa-maia.com\/es\/#website\"},\"datePublished\":\"2020-08-10T09:38:25+00:00\",\"dateModified\":\"2024-08-21T13:17:25+00:00\",\"description\":\"La historia de Villa Ma\u00efa, nuestro hotel de lujo de 5 estrellas en Lyon, pretende ser una casa con delicadas atenciones que comparta los valores de la familia Gruy.\",\"breadcrumb\":{\"@id\":\"https:\/\/www.villa-maia.com\/es\/historia-hotel-villa-maia\/#breadcrumb\"},\"inLanguage\":\"es\",\"potentialAction\":[{\"@type\":\"ReadAction\",\"target\":[\"https:\/\/www.villa-maia.com\/es\/historia-hotel-villa-maia\/\"]}]},{\"@type\":\"BreadcrumbList\",\"@id\":\"https:\/\/www.villa-maia.com\/es\/historia-hotel-villa-maia\/#breadcrumb\",\"itemListElement\":[{\"@type\":\"ListItem\",\"position\":1,\"name\":\"Accueil\",\"item\":\"https:\/\/www.villa-maia.com\/es\/\"},{\"@type\":\"ListItem\",\"position\":2,\"name\":\"Hotel\"}]},{\"@type\":\"WebSite\",\"@id\":\"https:\/\/www.villa-maia.com\/es\/#website\",\"url\":\"https:\/\/www.villa-maia.com\/es\/\",\"name\":\"Villa Ma\u00efa\",\"description\":\"\",\"publisher\":{\"@id\":\"https:\/\/www.villa-maia.com\/es\/#organization\"},\"potentialAction\":[{\"@type\":\"SearchAction\",\"target\":{\"@type\":\"EntryPoint\",\"urlTemplate\":\"https:\/\/www.villa-maia.com\/es\/?s={search_term_string}\"},\"query-input\":{\"@type\":\"PropertyValueSpecification\",\"valueRequired\":true,\"valueName\":\"search_term_string\"}}],\"inLanguage\":\"es\"},{\"@type\":\"Organization\",\"@id\":\"https:\/\/www.villa-maia.com\/es\/#organization\",\"name\":\"Villa Ma\u00efa\",\"url\":\"https:\/\/www.villa-maia.com\/es\/\",\"logo\":{\"@type\":\"ImageObject\",\"inLanguage\":\"es\",\"@id\":\"https:\/\/www.villa-maia.com\/es\/#\/schema\/logo\/image\/\",\"url\":\"https:\/\/www.villa-maia.com\/wp-content\/uploads\/2020\/06\/villa-maia_event_tarifs-flexibles.jpg\",\"contentUrl\":\"https:\/\/www.villa-maia.com\/wp-content\/uploads\/2020\/06\/villa-maia_event_tarifs-flexibles.jpg\",\"width\":1200,\"height\":500,\"caption\":\"Villa Ma\u00efa\"},\"image\":{\"@id\":\"https:\/\/www.villa-maia.com\/es\/#\/schema\/logo\/image\/\"},\"sameAs\":[\"https:\/\/www.facebook.com\/VillaMaiaLyon\/\",\"https:\/\/www.instagram.com\/villa_maia_lyon\/\",\"https:\/\/fr.linkedin.com\/company\/villa-ma\u00efa\"]}]}<\/script>\n<!-- \/ Yoast SEO plugin. -->","yoast_head_json":{"title":"Villa Ma\u00efa | Historia de Villa Ma\u00efa, Hotel 5 estrellas de lujo en Lyon","description":"La historia de Villa Ma\u00efa, nuestro hotel de lujo de 5 estrellas en Lyon, pretende ser una casa con delicadas atenciones que comparta los valores de la familia Gruy.","robots":{"index":"index","follow":"follow","max-snippet":"max-snippet:-1","max-image-preview":"max-image-preview:large","max-video-preview":"max-video-preview:-1"},"canonical":"https:\/\/www.villa-maia.com\/es\/historia-hotel-villa-maia\/","og_locale":"es_ES","og_type":"article","og_title":"Historia de Villa Ma\u00efa, Hotel 5 estrellas de lujo en Lyon","og_description":"La historia de Villa Ma\u00efa, nuestro hotel de lujo de 5 estrellas en Lyon, pretende ser una casa con delicadas atenciones que comparta los valores de la familia Gruy.","og_url":"https:\/\/www.villa-maia.com\/es\/historia-hotel-villa-maia\/","og_site_name":"Villa Ma\u00efa","article_publisher":"https:\/\/www.facebook.com\/VillaMaiaLyon\/","article_modified_time":"2024-08-21T13:17:25+00:00","og_image":[{"width":1200,"height":630,"url":"https:\/\/www.villa-maia.com\/wp-content\/uploads\/2020\/06\/villa-maia_facebook_hotel-cover.jpg","type":"image\/jpeg"}],"twitter_card":"summary_large_image","twitter_title":"Historia de Villa Ma\u00efa, Hotel 5 estrellas de lujo en Lyon","twitter_description":"La historia de Villa Ma\u00efa, nuestro hotel de lujo de 5 estrellas en Lyon, pretende ser una casa con delicadas atenciones que comparta los valores de la familia Gruy.","twitter_image":"https:\/\/www.villa-maia.com\/wp-content\/uploads\/2020\/06\/villa-maia_facebook_hotel-cover.jpg","twitter_misc":{"Tiempo de lectura":"5 minutos"},"schema":{"@context":"https:\/\/schema.org","@graph":[{"@type":"WebPage","@id":"https:\/\/www.villa-maia.com\/es\/historia-hotel-villa-maia\/","url":"https:\/\/www.villa-maia.com\/es\/historia-hotel-villa-maia\/","name":"Villa Ma\u00efa | Historia de Villa Ma\u00efa, Hotel 5 estrellas de lujo en Lyon","isPartOf":{"@id":"https:\/\/www.villa-maia.com\/es\/#website"},"datePublished":"2020-08-10T09:38:25+00:00","dateModified":"2024-08-21T13:17:25+00:00","description":"La historia de Villa Ma\u00efa, nuestro hotel de lujo de 5 estrellas en Lyon, pretende ser una casa con delicadas atenciones que comparta los valores de la familia Gruy.","breadcrumb":{"@id":"https:\/\/www.villa-maia.com\/es\/historia-hotel-villa-maia\/#breadcrumb"},"inLanguage":"es","potentialAction":[{"@type":"ReadAction","target":["https:\/\/www.villa-maia.com\/es\/historia-hotel-villa-maia\/"]}]},{"@type":"BreadcrumbList","@id":"https:\/\/www.villa-maia.com\/es\/historia-hotel-villa-maia\/#breadcrumb","itemListElement":[{"@type":"ListItem","position":1,"name":"Accueil","item":"https:\/\/www.villa-maia.com\/es\/"},{"@type":"ListItem","position":2,"name":"Hotel"}]},{"@type":"WebSite","@id":"https:\/\/www.villa-maia.com\/es\/#website","url":"https:\/\/www.villa-maia.com\/es\/","name":"Villa Ma\u00efa","description":"","publisher":{"@id":"https:\/\/www.villa-maia.com\/es\/#organization"},"potentialAction":[{"@type":"SearchAction","target":{"@type":"EntryPoint","urlTemplate":"https:\/\/www.villa-maia.com\/es\/?s={search_term_string}"},"query-input":{"@type":"PropertyValueSpecification","valueRequired":true,"valueName":"search_term_string"}}],"inLanguage":"es"},{"@type":"Organization","@id":"https:\/\/www.villa-maia.com\/es\/#organization","name":"Villa Ma\u00efa","url":"https:\/\/www.villa-maia.com\/es\/","logo":{"@type":"ImageObject","inLanguage":"es","@id":"https:\/\/www.villa-maia.com\/es\/#\/schema\/logo\/image\/","url":"https:\/\/www.villa-maia.com\/wp-content\/uploads\/2020\/06\/villa-maia_event_tarifs-flexibles.jpg","contentUrl":"https:\/\/www.villa-maia.com\/wp-content\/uploads\/2020\/06\/villa-maia_event_tarifs-flexibles.jpg","width":1200,"height":500,"caption":"Villa Ma\u00efa"},"image":{"@id":"https:\/\/www.villa-maia.com\/es\/#\/schema\/logo\/image\/"},"sameAs":["https:\/\/www.facebook.com\/VillaMaiaLyon\/","https:\/\/www.instagram.com\/villa_maia_lyon\/","https:\/\/fr.linkedin.com\/company\/villa-ma\u00efa"]}]}},"_links":{"self":[{"href":"https:\/\/www.villa-maia.com\/es\/wp-json\/wp\/v2\/pages\/1198","targetHints":{"allow":["GET"]}}],"collection":[{"href":"https:\/\/www.villa-maia.com\/es\/wp-json\/wp\/v2\/pages"}],"about":[{"href":"https:\/\/www.villa-maia.com\/es\/wp-json\/wp\/v2\/types\/page"}],"author":[{"embeddable":true,"href":"https:\/\/www.villa-maia.com\/es\/wp-json\/wp\/v2\/users\/9"}],"replies":[{"embeddable":true,"href":"https:\/\/www.villa-maia.com\/es\/wp-json\/wp\/v2\/comments?post=1198"}],"version-history":[{"count":3,"href":"https:\/\/www.villa-maia.com\/es\/wp-json\/wp\/v2\/pages\/1198\/revisions"}],"predecessor-version":[{"id":4973,"href":"https:\/\/www.villa-maia.com\/es\/wp-json\/wp\/v2\/pages\/1198\/revisions\/4973"}],"wp:attachment":[{"href":"https:\/\/www.villa-maia.com\/es\/wp-json\/wp\/v2\/media?parent=1198"}],"curies":[{"name":"wp","href":"https:\/\/api.w.org\/{rel}","templated":true}]}}