{"id":786,"date":"2020-06-15T10:49:40","date_gmt":"2020-06-15T10:49:40","guid":{"rendered":"https:\/\/www.villa-maia.com\/?page_id=786"},"modified":"2024-08-21T14:04:41","modified_gmt":"2024-08-21T13:04:41","slug":"the-suites","status":"publish","type":"page","link":"https:\/\/www.villa-maia.com\/en\/the-rooms\/the-suites\/","title":{"rendered":"The Suites"},"content":{"rendered":"","protected":false},"excerpt":{"rendered":"","protected":false},"author":9,"featured_media":566,"parent":776,"menu_order":0,"comment_status":"closed","ping_status":"closed","template":"templates\/room.php","meta":{"_acf_changed":false,"footnotes":""},"class_list":["post-786","page","type-page","status-publish","has-post-thumbnail","hentry"],"acf":[],"yoast_head":"<!-- This site is optimized with the Yoast SEO plugin v26.6 - https:\/\/yoast.com\/wordpress\/plugins\/seo\/ -->\n<title>Villa Ma\u00efa | Discover Villa Ma\u00efa&#039;s majestic 65m2 suites<\/title>\n<meta name=\"description\" content=\"Discover Villa Ma\u00efa&#039;s majestic 65m2 suites with a living room, a private terrace, and a spectacular view of the city of Lyon.\" \/>\n<meta name=\"robots\" content=\"index, follow, max-snippet:-1, max-image-preview:large, max-video-preview:-1\" \/>\n<link rel=\"canonical\" href=\"https:\/\/www.villa-maia.com\/en\/the-rooms\/the-suites\/\" \/>\n<meta property=\"og:locale\" content=\"en_US\" \/>\n<meta property=\"og:type\" content=\"article\" \/>\n<meta property=\"og:title\" content=\"Villa Ma\u00efa | Discover Villa Ma\u00efa&#039;s majestic 65m2 suites\" \/>\n<meta property=\"og:description\" content=\"Discover Villa Ma\u00efa&#039;s majestic 65m2 suites with a living room, a private terrace, and a spectacular view of the city of Lyon.\" \/>\n<meta property=\"og:url\" content=\"https:\/\/www.villa-maia.com\/en\/the-rooms\/the-suites\/\" \/>\n<meta property=\"og:site_name\" content=\"Villa Ma\u00efa\" \/>\n<meta property=\"article:publisher\" content=\"https:\/\/www.facebook.com\/VillaMaiaLyon\/\" \/>\n<meta property=\"article:modified_time\" content=\"2024-08-21T13:04:41+00:00\" \/>\n<meta property=\"og:image\" content=\"https:\/\/www.villa-maia.com\/wp-content\/uploads\/2020\/06\/villa-maia_facebook_homepage-cover.jpg\" \/>\n\t<meta property=\"og:image:width\" content=\"1200\" \/>\n\t<meta property=\"og:image:height\" content=\"630\" \/>\n\t<meta property=\"og:image:type\" content=\"image\/jpeg\" \/>\n<meta name=\"twitter:card\" content=\"summary_large_image\" \/>\n<meta name=\"twitter:title\" content=\"Villa Ma\u00efa | Discover Villa Ma\u00efa&#039;s majestic 65m2 suites\" \/>\n<meta name=\"twitter:description\" content=\"Discover Villa Ma\u00efa&#039;s majestic 65m2 suites with a living room, a private terrace, and a spectacular view of the city of Lyon.\" \/>\n<meta name=\"twitter:image\" content=\"https:\/\/www.villa-maia.com\/wp-content\/uploads\/2020\/06\/villa-maia_facebook_homepage-cover.jpg\" \/>\n<meta name=\"twitter:label1\" content=\"Est. reading time\" \/>\n\t<meta name=\"twitter:data1\" content=\"1 minute\" \/>\n<script type=\"application\/ld+json\" class=\"yoast-schema-graph\">{\"@context\":\"https:\/\/schema.org\",\"@graph\":[{\"@type\":\"WebPage\",\"@id\":\"https:\/\/www.villa-maia.com\/en\/the-rooms\/the-suites\/\",\"url\":\"https:\/\/www.villa-maia.com\/en\/the-rooms\/the-suites\/\",\"name\":\"Villa Ma\u00efa | Discover Villa Ma\u00efa's majestic 65m2 suites\",\"isPartOf\":{\"@id\":\"https:\/\/www.villa-maia.com\/en\/#website\"},\"primaryImageOfPage\":{\"@id\":\"https:\/\/www.villa-maia.com\/en\/the-rooms\/the-suites\/#primaryimage\"},\"image\":{\"@id\":\"https:\/\/www.villa-maia.com\/en\/the-rooms\/the-suites\/#primaryimage\"},\"thumbnailUrl\":\"https:\/\/www.villa-maia.com\/wp-content\/uploads\/2020\/06\/villa_maia_thumbnail_photo_les_suites.jpg\",\"datePublished\":\"2020-06-15T10:49:40+00:00\",\"dateModified\":\"2024-08-21T13:04:41+00:00\",\"description\":\"Discover Villa Ma\u00efa's majestic 65m2 suites with a living room, a private terrace, and a spectacular view of the city of Lyon.\",\"breadcrumb\":{\"@id\":\"https:\/\/www.villa-maia.com\/en\/the-rooms\/the-suites\/#breadcrumb\"},\"inLanguage\":\"en-US\",\"potentialAction\":[{\"@type\":\"ReadAction\",\"target\":[\"https:\/\/www.villa-maia.com\/en\/the-rooms\/the-suites\/\"]}]},{\"@type\":\"ImageObject\",\"inLanguage\":\"en-US\",\"@id\":\"https:\/\/www.villa-maia.com\/en\/the-rooms\/the-suites\/#primaryimage\",\"url\":\"https:\/\/www.villa-maia.com\/wp-content\/uploads\/2020\/06\/villa_maia_thumbnail_photo_les_suites.jpg\",\"contentUrl\":\"https:\/\/www.villa-maia.com\/wp-content\/uploads\/2020\/06\/villa_maia_thumbnail_photo_les_suites.jpg\",\"width\":700,\"height\":700,\"caption\":\"L'int\u00e9rieur des suites de Villa Ma\u00efa H\u00f4tel 5 \u00e9toiles de luxe \u00e0 Lyon\"},{\"@type\":\"BreadcrumbList\",\"@id\":\"https:\/\/www.villa-maia.com\/en\/the-rooms\/the-suites\/#breadcrumb\",\"itemListElement\":[{\"@type\":\"ListItem\",\"position\":1,\"name\":\"Accueil\",\"item\":\"https:\/\/www.villa-maia.com\/en\/\"},{\"@type\":\"ListItem\",\"position\":2,\"name\":\"All our rooms\",\"item\":\"https:\/\/www.villa-maia.com\/en\/the-rooms\/\"},{\"@type\":\"ListItem\",\"position\":3,\"name\":\"The Suites\"}]},{\"@type\":\"WebSite\",\"@id\":\"https:\/\/www.villa-maia.com\/en\/#website\",\"url\":\"https:\/\/www.villa-maia.com\/en\/\",\"name\":\"Villa Ma\u00efa\",\"description\":\"\",\"publisher\":{\"@id\":\"https:\/\/www.villa-maia.com\/en\/#organization\"},\"potentialAction\":[{\"@type\":\"SearchAction\",\"target\":{\"@type\":\"EntryPoint\",\"urlTemplate\":\"https:\/\/www.villa-maia.com\/en\/?s={search_term_string}\"},\"query-input\":{\"@type\":\"PropertyValueSpecification\",\"valueRequired\":true,\"valueName\":\"search_term_string\"}}],\"inLanguage\":\"en-US\"},{\"@type\":\"Organization\",\"@id\":\"https:\/\/www.villa-maia.com\/en\/#organization\",\"name\":\"Villa Ma\u00efa\",\"url\":\"https:\/\/www.villa-maia.com\/en\/\",\"logo\":{\"@type\":\"ImageObject\",\"inLanguage\":\"en-US\",\"@id\":\"https:\/\/www.villa-maia.com\/en\/#\/schema\/logo\/image\/\",\"url\":\"https:\/\/www.villa-maia.com\/wp-content\/uploads\/2020\/06\/villa-maia_event_tarifs-flexibles.jpg\",\"contentUrl\":\"https:\/\/www.villa-maia.com\/wp-content\/uploads\/2020\/06\/villa-maia_event_tarifs-flexibles.jpg\",\"width\":1200,\"height\":500,\"caption\":\"Villa Ma\u00efa\"},\"image\":{\"@id\":\"https:\/\/www.villa-maia.com\/en\/#\/schema\/logo\/image\/\"},\"sameAs\":[\"https:\/\/www.facebook.com\/VillaMaiaLyon\/\",\"https:\/\/www.instagram.com\/villa_maia_lyon\/\",\"https:\/\/fr.linkedin.com\/company\/villa-ma\u00efa\"]}]}<\/script>\n<!-- \/ Yoast SEO plugin. -->","yoast_head_json":{"title":"Villa Ma\u00efa | Discover Villa Ma\u00efa's majestic 65m2 suites","description":"Discover Villa Ma\u00efa's majestic 65m2 suites with a living room, a private terrace, and a spectacular view of the city of Lyon.","robots":{"index":"index","follow":"follow","max-snippet":"max-snippet:-1","max-image-preview":"max-image-preview:large","max-video-preview":"max-video-preview:-1"},"canonical":"https:\/\/www.villa-maia.com\/en\/the-rooms\/the-suites\/","og_locale":"en_US","og_type":"article","og_title":"Villa Ma\u00efa | Discover Villa Ma\u00efa's majestic 65m2 suites","og_description":"Discover Villa Ma\u00efa's majestic 65m2 suites with a living room, a private terrace, and a spectacular view of the city of Lyon.","og_url":"https:\/\/www.villa-maia.com\/en\/the-rooms\/the-suites\/","og_site_name":"Villa Ma\u00efa","article_publisher":"https:\/\/www.facebook.com\/VillaMaiaLyon\/","article_modified_time":"2024-08-21T13:04:41+00:00","og_image":[{"width":1200,"height":630,"url":"https:\/\/www.villa-maia.com\/wp-content\/uploads\/2020\/06\/villa-maia_facebook_homepage-cover.jpg","type":"image\/jpeg"}],"twitter_card":"summary_large_image","twitter_title":"Villa Ma\u00efa | Discover Villa Ma\u00efa's majestic 65m2 suites","twitter_description":"Discover Villa Ma\u00efa's majestic 65m2 suites with a living room, a private terrace, and a spectacular view of the city of Lyon.","twitter_image":"https:\/\/www.villa-maia.com\/wp-content\/uploads\/2020\/06\/villa-maia_facebook_homepage-cover.jpg","twitter_misc":{"Est. reading time":"1 minute"},"schema":{"@context":"https:\/\/schema.org","@graph":[{"@type":"WebPage","@id":"https:\/\/www.villa-maia.com\/en\/the-rooms\/the-suites\/","url":"https:\/\/www.villa-maia.com\/en\/the-rooms\/the-suites\/","name":"Villa Ma\u00efa | Discover Villa Ma\u00efa's majestic 65m2 suites","isPartOf":{"@id":"https:\/\/www.villa-maia.com\/en\/#website"},"primaryImageOfPage":{"@id":"https:\/\/www.villa-maia.com\/en\/the-rooms\/the-suites\/#primaryimage"},"image":{"@id":"https:\/\/www.villa-maia.com\/en\/the-rooms\/the-suites\/#primaryimage"},"thumbnailUrl":"https:\/\/www.villa-maia.com\/wp-content\/uploads\/2020\/06\/villa_maia_thumbnail_photo_les_suites.jpg","datePublished":"2020-06-15T10:49:40+00:00","dateModified":"2024-08-21T13:04:41+00:00","description":"Discover Villa Ma\u00efa's majestic 65m2 suites with a living room, a private terrace, and a spectacular view of the city of Lyon.","breadcrumb":{"@id":"https:\/\/www.villa-maia.com\/en\/the-rooms\/the-suites\/#breadcrumb"},"inLanguage":"en-US","potentialAction":[{"@type":"ReadAction","target":["https:\/\/www.villa-maia.com\/en\/the-rooms\/the-suites\/"]}]},{"@type":"ImageObject","inLanguage":"en-US","@id":"https:\/\/www.villa-maia.com\/en\/the-rooms\/the-suites\/#primaryimage","url":"https:\/\/www.villa-maia.com\/wp-content\/uploads\/2020\/06\/villa_maia_thumbnail_photo_les_suites.jpg","contentUrl":"https:\/\/www.villa-maia.com\/wp-content\/uploads\/2020\/06\/villa_maia_thumbnail_photo_les_suites.jpg","width":700,"height":700,"caption":"L'int\u00e9rieur des suites de Villa Ma\u00efa H\u00f4tel 5 \u00e9toiles de luxe \u00e0 Lyon"},{"@type":"BreadcrumbList","@id":"https:\/\/www.villa-maia.com\/en\/the-rooms\/the-suites\/#breadcrumb","itemListElement":[{"@type":"ListItem","position":1,"name":"Accueil","item":"https:\/\/www.villa-maia.com\/en\/"},{"@type":"ListItem","position":2,"name":"All our rooms","item":"https:\/\/www.villa-maia.com\/en\/the-rooms\/"},{"@type":"ListItem","position":3,"name":"The Suites"}]},{"@type":"WebSite","@id":"https:\/\/www.villa-maia.com\/en\/#website","url":"https:\/\/www.villa-maia.com\/en\/","name":"Villa Ma\u00efa","description":"","publisher":{"@id":"https:\/\/www.villa-maia.com\/en\/#organization"},"potentialAction":[{"@type":"SearchAction","target":{"@type":"EntryPoint","urlTemplate":"https:\/\/www.villa-maia.com\/en\/?s={search_term_string}"},"query-input":{"@type":"PropertyValueSpecification","valueRequired":true,"valueName":"search_term_string"}}],"inLanguage":"en-US"},{"@type":"Organization","@id":"https:\/\/www.villa-maia.com\/en\/#organization","name":"Villa Ma\u00efa","url":"https:\/\/www.villa-maia.com\/en\/","logo":{"@type":"ImageObject","inLanguage":"en-US","@id":"https:\/\/www.villa-maia.com\/en\/#\/schema\/logo\/image\/","url":"https:\/\/www.villa-maia.com\/wp-content\/uploads\/2020\/06\/villa-maia_event_tarifs-flexibles.jpg","contentUrl":"https:\/\/www.villa-maia.com\/wp-content\/uploads\/2020\/06\/villa-maia_event_tarifs-flexibles.jpg","width":1200,"height":500,"caption":"Villa Ma\u00efa"},"image":{"@id":"https:\/\/www.villa-maia.com\/en\/#\/schema\/logo\/image\/"},"sameAs":["https:\/\/www.facebook.com\/VillaMaiaLyon\/","https:\/\/www.instagram.com\/villa_maia_lyon\/","https:\/\/fr.linkedin.com\/company\/villa-ma\u00efa"]}]}},"_links":{"self":[{"href":"https:\/\/www.villa-maia.com\/en\/wp-json\/wp\/v2\/pages\/786","targetHints":{"allow":["GET"]}}],"collection":[{"href":"https:\/\/www.villa-maia.com\/en\/wp-json\/wp\/v2\/pages"}],"about":[{"href":"https:\/\/www.villa-maia.com\/en\/wp-json\/wp\/v2\/types\/page"}],"author":[{"embeddable":true,"href":"https:\/\/www.villa-maia.com\/en\/wp-json\/wp\/v2\/users\/9"}],"replies":[{"embeddable":true,"href":"https:\/\/www.villa-maia.com\/en\/wp-json\/wp\/v2\/comments?post=786"}],"version-history":[{"count":4,"href":"https:\/\/www.villa-maia.com\/en\/wp-json\/wp\/v2\/pages\/786\/revisions"}],"predecessor-version":[{"id":4970,"href":"https:\/\/www.villa-maia.com\/en\/wp-json\/wp\/v2\/pages\/786\/revisions\/4970"}],"up":[{"embeddable":true,"href":"https:\/\/www.villa-maia.com\/en\/wp-json\/wp\/v2\/pages\/776"}],"wp:featuredmedia":[{"embeddable":true,"href":"https:\/\/www.villa-maia.com\/en\/wp-json\/wp\/v2\/media\/566"}],"wp:attachment":[{"href":"https:\/\/www.villa-maia.com\/en\/wp-json\/wp\/v2\/media?parent=786"}],"curies":[{"name":"wp","href":"https:\/\/api.w.org\/{rel}","templated":true}]}}